{"id":1038,"date":"2009-08-07T16:31:43","date_gmt":"2009-08-07T14:31:43","guid":{"rendered":"http:\/\/www.feuerwehr-ingersheim.de\/?page_id=1038"},"modified":"2013-03-30T15:04:07","modified_gmt":"2013-03-30T14:04:07","slug":"die-aktive-wehr","status":"publish","type":"page","link":"https:\/\/www.feuerwehr-ingersheim.de\/?page_id=1038","title":{"rendered":"Einsatzabteilung"},"content":{"rendered":"<p>Die Einsatzabteilung sorgt f\u00fcr Ihre Sicherheit. Wie schon erw\u00e4hnt, l\u00e4sst sich das Aufgabengebiet mit den Worten:<\/p>\n<ul>\n<li>Retten<\/li>\n<li>L\u00f6schen<\/li>\n<li>Bergen<\/li>\n<li>Sch\u00fctzen<\/li>\n<\/ul>\n<p>am besten beschreiben.<\/p>\n<p><strong>Retten<\/strong><\/p>\n<p>Das Retten von Menschenleben aus aktuter Gefahr (z.B.) bei einem Brand oder einem Verkehrsunfall) z\u00e4hlt zu den wichtigesten Aufgaben der Feuerwehr Ingersheim. Um Menschen aus einem im Brand befindlichen Geb\u00e4ude zu retten, verf\u00fcgt die Feuerwehr \u00fcber verschiedene Hilfsmittel: tragbare Leitern, Sprungretter, umluftunabh\u00e4ngige Atemschutzger\u00e4te und Brandfluchthauben.<br \/>\nZur technischen Hilfe bei Verkehrsunf\u00e4llen sind eine Rettungsschere, diverse Rettungszylinder, Spreizer und weitere Hilfsger\u00e4te vorhanden. Damit k\u00f6nnen eingeschlossene oder eingeklemmte Personen beispielsweise aus Fahrzeugen oder sonstigen Situationen befreit werden.<br \/>\nDie Feuerwehr wird wegen ihrer technischen Ausr\u00fcstung auch vom Rettungsdiest alarmiert, wenn erkrankte oder verletzte Menschen aus einem Geb\u00e4ude zu transportieren sind. Auch das \u00f6ffnen von T\u00fcren, auf Anforderung der Polizei wenn z.B. ein Mensch vermisst wird, geh\u00f6rt zu unserem Aufgabengebiet.<\/p>\n<p><strong>L\u00f6schen<\/strong><\/p>\n<p>Das L\u00f6schen ist eine weitere wichtige Aufgabe: Wenn man die Brandstiftungen au\u00dfer Acht l\u00e4sst, gibt es grob zwei Ursachen f\u00fcr Br\u00e4nde. Meistens entstehen sie durch Unachtsamkeit (z.B. vergessenes B\u00fcgeleisen, abgebrannte Kerze am Adventskranz, verbranntes Essen, rauchen im Bett,\u2026) oder durch technische Defekte (z.B. Fernseher, Computer, Waschmaschine, Dampfabzug, Fritteuse,\u2026).<br \/>\nDie Feuerwehr sch\u00fctzt aber nicht nur Privathaushalte, sondern auch Firmen.<br \/>\nSo bek\u00e4mpft die Feuerwehr auch Br\u00e4nde in Firmen und Fabriken (z.B. wenn eine Maschine hei\u00dfgelaufen ist). Auch Fahrzeug- oder Fl\u00e4chenbr\u00e4nde sind h\u00e4ufige Gr\u00fcnde f\u00fcr eine Alarmierung.<\/p>\n<p><strong>Bergen<\/strong><\/p>\n<p>Der Begriff Bergen wird meistens im Zusammenhang mit dem Sichern von Sachwerten, beispielsweise nach einem Brand oder einem Unfall verwendet. Bedauerlicherweise wird dieser Begriff auch bei Menschen eingesetzt, die nicht mehr lebend gerettet werden konnten, beispielsweise nach einem Brand, einem Unfall oder einem Suizid. Diese Personen werden von der Feuerwehr dann geborgen.<br \/>\nNicht nur f\u00fcr die Angeh\u00f6rigen der Opfer stellen diese Eins\u00e4tze eine enorme psychische Belastung dar. Auch die Eins\u00e4tzkr\u00e4fte m\u00fcssen das Erlebte verarbeiten. Daf\u00fcr steht ihnen der \u00f6rtliche Pfarrer, der speziell als Notfallseelsorger ausgebildet wurde, zur Verf\u00fcgung.<\/p>\n<p><span><strong>Sch\u00fctzen<\/strong><\/span><\/p>\n<p><span>Nach dem R\u00fcckzug des Katastrophenschutzes wurde der Schutz der Umwelt in den letzten Jahren den Feuerwehren \u00fcbertragen. Kleinere Notlagen, wie beispielsweise \u00d6lspuren meistert die Feuerwehr Ingersheim alleine.<br \/>\nBei Gefahrgutunf\u00e4llen \u00fcbernimmt die Feuerwehr Ingersheim die Absicherung der Unfallstelle und fordert Spezialeinheiten aus dem Landkreis nach.<br \/>\nDer Schutz unserer Umwelt ist in den letzten Jahren zu einer wichtigen Aufgabe geworden.<br \/>\nAuch der vorbeugende Brandschutz, also die Verhinderung von Br\u00e4nden durch bauliche Ma\u00dfnahmen, wird von der Feuerwehr \u00fcbernommen. Diese Aufgabe wird durch den Kreisbrandmeister und die Baurechtsbeh\u00f6rden \u00fcbernommen. Die Feuerwehr wird meist beratend t\u00e4tig. Die \u00f6rtliche Feuerwehr f\u00fchrt an gef\u00e4hrdeten bzw. un\u00fcbersichtlichen Geb\u00e4uden je nach M\u00f6glichkeit \u00dcbungen durch.<br \/>\nZudem erstellt sie so genannte Alarmpl\u00e4ne f\u00fcr gef\u00e4hrdete Geb\u00e4ude, wie beispielsweise Altenheime, Gemeindehallen, Industriegebiete\u2026 In diesen Alarmpl\u00e4nen sind die zu alarmierenden Fahrzeuge und deren Aufstellorte festgehalten. Ferner ist in der Regel auch die Wasserversorgung vermerkt und ein Plan des Geb\u00e4udes liegt bei.<\/span><\/p>\n","protected":false},"excerpt":{"rendered":"<p>Die Einsatzabteilung sorgt f\u00fcr Ihre Sicherheit. Wie schon erw\u00e4hnt, l\u00e4sst sich das Aufgabengebiet mit den Worten: Retten L\u00f6schen Bergen Sch\u00fctzen am besten beschreiben. Retten Das Retten von Menschenleben aus aktuter Gefahr (z.B.) bei einem Brand oder einem Verkehrsunfall) z\u00e4hlt zu den wichtigesten Aufgaben der Feuerwehr Ingersheim. Um Menschen aus einem im Brand befindlichen Geb\u00e4ude zu [&hellip;]<\/p>\n","protected":false},"author":1,"featured_media":1084,"parent":1011,"menu_order":1,"comment_status":"closed","ping_status":"open","template":"","meta":{"footnotes":""},"class_list":["post-1038","page","type-page","status-publish","has-post-thumbnail","hentry"],"_links":{"self":[{"href":"https:\/\/www.feuerwehr-ingersheim.de\/index.php?rest_route=\/wp\/v2\/pages\/1038","targetHints":{"allow":["GET"]}}],"collection":[{"href":"https:\/\/www.feuerwehr-ingersheim.de\/index.php?rest_route=\/wp\/v2\/pages"}],"about":[{"href":"https:\/\/www.feuerwehr-ingersheim.de\/index.php?rest_route=\/wp\/v2\/types\/page"}],"author":[{"embeddable":true,"href":"https:\/\/www.feuerwehr-ingersheim.de\/index.php?rest_route=\/wp\/v2\/users\/1"}],"replies":[{"embeddable":true,"href":"https:\/\/www.feuerwehr-ingersheim.de\/index.php?rest_route=%2Fwp%2Fv2%2Fcomments&post=1038"}],"version-history":[{"count":9,"href":"https:\/\/www.feuerwehr-ingersheim.de\/index.php?rest_route=\/wp\/v2\/pages\/1038\/revisions"}],"predecessor-version":[{"id":1905,"href":"https:\/\/www.feuerwehr-ingersheim.de\/index.php?rest_route=\/wp\/v2\/pages\/1038\/revisions\/1905"}],"up":[{"embeddable":true,"href":"https:\/\/www.feuerwehr-ingersheim.de\/index.php?rest_route=\/wp\/v2\/pages\/1011"}],"wp:featuredmedia":[{"embeddable":true,"href":"https:\/\/www.feuerwehr-ingersheim.de\/index.php?rest_route=\/wp\/v2\/media\/1084"}],"wp:attachment":[{"href":"https:\/\/www.feuerwehr-ingersheim.de\/index.php?rest_route=%2Fwp%2Fv2%2Fmedia&parent=1038"}],"curies":[{"name":"wp","href":"https:\/\/api.w.org\/{rel}","templated":true}]}}