{"id":1202,"date":"2010-05-16T11:24:33","date_gmt":"2010-05-16T09:24:33","guid":{"rendered":"http:\/\/www.feuerwehr-ingersheim.de\/?page_id=1202"},"modified":"2013-01-01T14:16:00","modified_gmt":"2013-01-01T13:16:00","slug":"fahrzeuge","status":"publish","type":"page","link":"https:\/\/www.feuerwehr-ingersheim.de\/?page_id=1202","title":{"rendered":"Fahrzeuge"},"content":{"rendered":"<p>Unsere Fahrzeuge bringen uns und unser Arbeitsger\u00e4t schnell und sicher an die Einsatzstelle.\u00a0 Die Besatzung der Fahrzeuge besteht, je nach Fahrzeugtyp, aus vier oder neun Personen.<br \/>\nImmer dabei sind Gruppenf\u00fchrer, Maschinist, Angriffstrupp und Wassertrupp. Hat das Fahrzeug neun Sitzpl\u00e4tze kommen Melder und Schlauchtupp hinzu. <\/p>\n<p>Der Feuerwehr Ingersheim stehen derzeit folgende Fahrzeuge zur Verf\u00fcgung:<br \/>\n&#8211; HLF 20\/16<br \/>\n&#8211; TLF 16\/25<br \/>\n&#8211; LF 8\/6<br \/>\n&#8211; LF 8<br \/>\n&#8211; MTW<\/p>\n","protected":false},"excerpt":{"rendered":"<p>Unsere Fahrzeuge bringen uns und unser Arbeitsger\u00e4t schnell und sicher an die Einsatzstelle.\u00a0 Die Besatzung der Fahrzeuge besteht, je nach Fahrzeugtyp, aus vier oder neun Personen. Immer dabei sind Gruppenf\u00fchrer, Maschinist, Angriffstrupp und Wassertrupp. Hat das Fahrzeug neun Sitzpl\u00e4tze kommen Melder und Schlauchtupp hinzu. Der Feuerwehr Ingersheim stehen derzeit folgende Fahrzeuge zur Verf\u00fcgung: &#8211; HLF [&hellip;]<\/p>\n","protected":false},"author":1,"featured_media":1210,"parent":1011,"menu_order":4,"comment_status":"closed","ping_status":"open","template":"","meta":{"footnotes":""},"class_list":["post-1202","page","type-page","status-publish","has-post-thumbnail","hentry"],"_links":{"self":[{"href":"https:\/\/www.feuerwehr-ingersheim.de\/index.php?rest_route=\/wp\/v2\/pages\/1202","targetHints":{"allow":["GET"]}}],"collection":[{"href":"https:\/\/www.feuerwehr-ingersheim.de\/index.php?rest_route=\/wp\/v2\/pages"}],"about":[{"href":"https:\/\/www.feuerwehr-ingersheim.de\/index.php?rest_route=\/wp\/v2\/types\/page"}],"author":[{"embeddable":true,"href":"https:\/\/www.feuerwehr-ingersheim.de\/index.php?rest_route=\/wp\/v2\/users\/1"}],"replies":[{"embeddable":true,"href":"https:\/\/www.feuerwehr-ingersheim.de\/index.php?rest_route=%2Fwp%2Fv2%2Fcomments&post=1202"}],"version-history":[{"count":5,"href":"https:\/\/www.feuerwehr-ingersheim.de\/index.php?rest_route=\/wp\/v2\/pages\/1202\/revisions"}],"predecessor-version":[{"id":1779,"href":"https:\/\/www.feuerwehr-ingersheim.de\/index.php?rest_route=\/wp\/v2\/pages\/1202\/revisions\/1779"}],"up":[{"embeddable":true,"href":"https:\/\/www.feuerwehr-ingersheim.de\/index.php?rest_route=\/wp\/v2\/pages\/1011"}],"wp:featuredmedia":[{"embeddable":true,"href":"https:\/\/www.feuerwehr-ingersheim.de\/index.php?rest_route=\/wp\/v2\/media\/1210"}],"wp:attachment":[{"href":"https:\/\/www.feuerwehr-ingersheim.de\/index.php?rest_route=%2Fwp%2Fv2%2Fmedia&parent=1202"}],"curies":[{"name":"wp","href":"https:\/\/api.w.org\/{rel}","templated":true}]}}