{"id":1213,"date":"2010-05-16T12:10:31","date_gmt":"2010-05-16T10:10:31","guid":{"rendered":"http:\/\/www.feuerwehr-ingersheim.de\/?page_id=1213"},"modified":"2013-01-01T14:16:24","modified_gmt":"2013-01-01T13:16:24","slug":"hlf-2016","status":"publish","type":"page","link":"https:\/\/www.feuerwehr-ingersheim.de\/?page_id=1213","title":{"rendered":"HLF 20\/16"},"content":{"rendered":"<p>Das HLF (Hilfeleistungsl\u00f6schfahrzeug) 20\/16 ist das neuste Fahrzeug der Feuerwehr Ingersheim. Es wurde im Jahr 2007 f\u00fcr einen Kaufpreis von ca. 339000 \u20ac beschafft.<\/p>\n<p><strong>Fahrgestell:<\/strong><\/p>\n<ul>\n<li>MAN TGM 13.280<\/li>\n<li>Motorleistung: 280 PS<\/li>\n<li>Zul\u00e4ssiges Fahrzeuggesamtgewicht: 14,5 Tonnen<\/li>\n<li>Motor klassifiziert nach Euro 4<\/li>\n<li>Automatikgetriebe<\/li>\n<li>Allrad<\/li>\n<li>Eingebauter Stromerzeuger<\/li>\n<li>Standheizung<\/li>\n<li>Baujahr 2007<\/li>\n<\/ul>\n<p><strong>Aufbau und Beladung (Auszug):<\/strong><\/p>\n<ul>\n<li>Firma IVECO Magirus, Weisweil<\/li>\n<li>Besatzung: 1\/8<\/li>\n<li>L\u00f6schwasserbeh\u00e4lter: 2400 Liter<\/li>\n<li>Schnellangriffseinrichtung mit 50 Meter Feuerl\u00f6schschlauch (formstabil, S 25)<\/li>\n<li>Pneumatischer Teleskop-Lichtmast mit zwei Halogenscheinwerfern; je 1500 Watt und einer Lichtpunkth\u00f6he von 6,0 Metern<\/li>\n<li>Zwei Einpersonenhaspeln in schmaler Baumform am Fahrzeugheck<\/li>\n<li>Ger\u00e4uscharmer, elektrisch angetriebener Hochleistungsl\u00fcfter<\/li>\n<li>6 Atemschutzger\u00e4te,\u00a0davon 2 in der Kabine<\/li>\n<li>Kettens\u00e4ge, Trennschleifer, S\u00e4bels\u00e4ge<\/li>\n<li>Greifzug<\/li>\n<li>Pneumatische Hebekissen<\/li>\n<li>Rettungssatz bestehend aus Spreizer, Schneidger\u00e4t, Pedalschneider und vier Rettungszylindern<\/li>\n<li>Sprungretter<\/li>\n<li>Schiebeleiter<\/li>\n<\/ul>\n","protected":false},"excerpt":{"rendered":"<p>Das HLF (Hilfeleistungsl\u00f6schfahrzeug) 20\/16 ist das neuste Fahrzeug der Feuerwehr Ingersheim. Es wurde im Jahr 2007 f\u00fcr einen Kaufpreis von ca. 339000 \u20ac beschafft. Fahrgestell: MAN TGM 13.280 Motorleistung: 280 PS Zul\u00e4ssiges Fahrzeuggesamtgewicht: 14,5 Tonnen Motor klassifiziert nach Euro 4 Automatikgetriebe Allrad Eingebauter Stromerzeuger Standheizung Baujahr 2007 Aufbau und Beladung (Auszug): Firma IVECO Magirus, Weisweil [&hellip;]<\/p>\n","protected":false},"author":1,"featured_media":1206,"parent":1202,"menu_order":1,"comment_status":"closed","ping_status":"open","template":"","meta":{"footnotes":""},"class_list":["post-1213","page","type-page","status-publish","has-post-thumbnail","hentry"],"_links":{"self":[{"href":"https:\/\/www.feuerwehr-ingersheim.de\/index.php?rest_route=\/wp\/v2\/pages\/1213","targetHints":{"allow":["GET"]}}],"collection":[{"href":"https:\/\/www.feuerwehr-ingersheim.de\/index.php?rest_route=\/wp\/v2\/pages"}],"about":[{"href":"https:\/\/www.feuerwehr-ingersheim.de\/index.php?rest_route=\/wp\/v2\/types\/page"}],"author":[{"embeddable":true,"href":"https:\/\/www.feuerwehr-ingersheim.de\/index.php?rest_route=\/wp\/v2\/users\/1"}],"replies":[{"embeddable":true,"href":"https:\/\/www.feuerwehr-ingersheim.de\/index.php?rest_route=%2Fwp%2Fv2%2Fcomments&post=1213"}],"version-history":[{"count":7,"href":"https:\/\/www.feuerwehr-ingersheim.de\/index.php?rest_route=\/wp\/v2\/pages\/1213\/revisions"}],"predecessor-version":[{"id":1780,"href":"https:\/\/www.feuerwehr-ingersheim.de\/index.php?rest_route=\/wp\/v2\/pages\/1213\/revisions\/1780"}],"up":[{"embeddable":true,"href":"https:\/\/www.feuerwehr-ingersheim.de\/index.php?rest_route=\/wp\/v2\/pages\/1202"}],"wp:featuredmedia":[{"embeddable":true,"href":"https:\/\/www.feuerwehr-ingersheim.de\/index.php?rest_route=\/wp\/v2\/media\/1206"}],"wp:attachment":[{"href":"https:\/\/www.feuerwehr-ingersheim.de\/index.php?rest_route=%2Fwp%2Fv2%2Fmedia&parent=1213"}],"curies":[{"name":"wp","href":"https:\/\/api.w.org\/{rel}","templated":true}]}}