{"id":1217,"date":"2010-05-16T12:14:27","date_gmt":"2010-05-16T10:14:27","guid":{"rendered":"http:\/\/www.feuerwehr-ingersheim.de\/?page_id=1217"},"modified":"2013-01-01T14:17:14","modified_gmt":"2013-01-01T13:17:14","slug":"tlf-1625","status":"publish","type":"page","link":"https:\/\/www.feuerwehr-ingersheim.de\/?page_id=1217","title":{"rendered":"TLF 16\/25"},"content":{"rendered":"<p><strong>Fahrgestell:<\/strong><\/p>\n<ul>\n<li>Magirus Deutz 170D<\/li>\n<li>Motorleistung 170 PS<\/li>\n<li>Zul\u00e4ssiges Fahrzeuggesamtgewicht 11,5 Tonnen<\/li>\n<li>Baujahr 1978<\/li>\n<\/ul>\n<p><strong>Aufbau und Beladung (Auszug):<\/strong><\/p>\n<ul>\n<li>Firma Iveco Magirus, Weisweil<\/li>\n<li>Besatzung: 1\/5<\/li>\n<li>L\u00f6schwasserbeh\u00e4lter: 2400 Liter<\/li>\n<li>Schnellangriffseinrichtung<\/li>\n<li>4 Atemschutzger\u00e4te<\/li>\n<li>Tragbarer Stromerzeuger<\/li>\n<li>Tauchpumpe<\/li>\n<li>Rettungssatz bestehen aus Spreizer und Schneidger\u00e4t<\/li>\n<\/ul>\n","protected":false},"excerpt":{"rendered":"<p>Fahrgestell: Magirus Deutz 170D Motorleistung 170 PS Zul\u00e4ssiges Fahrzeuggesamtgewicht 11,5 Tonnen Baujahr 1978 Aufbau und Beladung (Auszug): Firma Iveco Magirus, Weisweil Besatzung: 1\/5 L\u00f6schwasserbeh\u00e4lter: 2400 Liter Schnellangriffseinrichtung 4 Atemschutzger\u00e4te Tragbarer Stromerzeuger Tauchpumpe Rettungssatz bestehen aus Spreizer und Schneidger\u00e4t<\/p>\n","protected":false},"author":1,"featured_media":1205,"parent":1202,"menu_order":2,"comment_status":"closed","ping_status":"open","template":"","meta":{"footnotes":""},"class_list":["post-1217","page","type-page","status-publish","has-post-thumbnail","hentry"],"_links":{"self":[{"href":"https:\/\/www.feuerwehr-ingersheim.de\/index.php?rest_route=\/wp\/v2\/pages\/1217","targetHints":{"allow":["GET"]}}],"collection":[{"href":"https:\/\/www.feuerwehr-ingersheim.de\/index.php?rest_route=\/wp\/v2\/pages"}],"about":[{"href":"https:\/\/www.feuerwehr-ingersheim.de\/index.php?rest_route=\/wp\/v2\/types\/page"}],"author":[{"embeddable":true,"href":"https:\/\/www.feuerwehr-ingersheim.de\/index.php?rest_route=\/wp\/v2\/users\/1"}],"replies":[{"embeddable":true,"href":"https:\/\/www.feuerwehr-ingersheim.de\/index.php?rest_route=%2Fwp%2Fv2%2Fcomments&post=1217"}],"version-history":[{"count":3,"href":"https:\/\/www.feuerwehr-ingersheim.de\/index.php?rest_route=\/wp\/v2\/pages\/1217\/revisions"}],"predecessor-version":[{"id":1781,"href":"https:\/\/www.feuerwehr-ingersheim.de\/index.php?rest_route=\/wp\/v2\/pages\/1217\/revisions\/1781"}],"up":[{"embeddable":true,"href":"https:\/\/www.feuerwehr-ingersheim.de\/index.php?rest_route=\/wp\/v2\/pages\/1202"}],"wp:featuredmedia":[{"embeddable":true,"href":"https:\/\/www.feuerwehr-ingersheim.de\/index.php?rest_route=\/wp\/v2\/media\/1205"}],"wp:attachment":[{"href":"https:\/\/www.feuerwehr-ingersheim.de\/index.php?rest_route=%2Fwp%2Fv2%2Fmedia&parent=1217"}],"curies":[{"name":"wp","href":"https:\/\/api.w.org\/{rel}","templated":true}]}}