{"id":1229,"date":"2010-05-16T12:22:08","date_gmt":"2010-05-16T10:22:08","guid":{"rendered":"http:\/\/www.feuerwehr-ingersheim.de\/?page_id=1229"},"modified":"2015-01-04T13:33:57","modified_gmt":"2015-01-04T12:33:57","slug":"mtw","status":"publish","type":"page","link":"https:\/\/www.feuerwehr-ingersheim.de\/?page_id=1229","title":{"rendered":"MTW"},"content":{"rendered":"<p><strong>Fahrgestell:<\/strong><\/p>\n<ul>\n<li>Mercedes Sprinter<\/li>\n<li>Motorleistung:\u00a0163 PS<\/li>\n<li>Zul\u00e4ssiges Fahrzeuggesamtgewicht:\u00a03,5 Tonnen<\/li>\n<li>Baujahr 2013<\/li>\n<\/ul>\n<p><strong>Aufbau und Beladung (Auszug):<\/strong><\/p>\n<ul>\n<li>Besatzung: 1\/8<\/li>\n<li>Lautsprecheranlage<\/li>\n<li>klappbarer Tisch<\/li>\n<li>Funkger\u00e4te f\u00fcr Betriebs- und Abschnittskanal<\/li>\n<li>Wasserrettungsger\u00e4t<\/li>\n<li>Feuerl\u00f6scher<\/li>\n<li>Verkehrswarnger\u00e4t<\/li>\n<li>Vorbereitung f\u00fcr Digitalfunk<\/li>\n<\/ul>\n","protected":false},"excerpt":{"rendered":"<p>Fahrgestell: Mercedes Sprinter Motorleistung:\u00a0163 PS Zul\u00e4ssiges Fahrzeuggesamtgewicht:\u00a03,5 Tonnen Baujahr 2013 Aufbau und Beladung (Auszug): Besatzung: 1\/8 Lautsprecheranlage klappbarer Tisch Funkger\u00e4te f\u00fcr Betriebs- und Abschnittskanal Wasserrettungsger\u00e4t Feuerl\u00f6scher Verkehrswarnger\u00e4t Vorbereitung f\u00fcr Digitalfunk<\/p>\n","protected":false},"author":1,"featured_media":5950,"parent":1202,"menu_order":4,"comment_status":"closed","ping_status":"open","template":"","meta":{"footnotes":""},"class_list":["post-1229","page","type-page","status-publish","has-post-thumbnail","hentry"],"_links":{"self":[{"href":"https:\/\/www.feuerwehr-ingersheim.de\/index.php?rest_route=\/wp\/v2\/pages\/1229","targetHints":{"allow":["GET"]}}],"collection":[{"href":"https:\/\/www.feuerwehr-ingersheim.de\/index.php?rest_route=\/wp\/v2\/pages"}],"about":[{"href":"https:\/\/www.feuerwehr-ingersheim.de\/index.php?rest_route=\/wp\/v2\/types\/page"}],"author":[{"embeddable":true,"href":"https:\/\/www.feuerwehr-ingersheim.de\/index.php?rest_route=\/wp\/v2\/users\/1"}],"replies":[{"embeddable":true,"href":"https:\/\/www.feuerwehr-ingersheim.de\/index.php?rest_route=%2Fwp%2Fv2%2Fcomments&post=1229"}],"version-history":[{"count":5,"href":"https:\/\/www.feuerwehr-ingersheim.de\/index.php?rest_route=\/wp\/v2\/pages\/1229\/revisions"}],"predecessor-version":[{"id":5949,"href":"https:\/\/www.feuerwehr-ingersheim.de\/index.php?rest_route=\/wp\/v2\/pages\/1229\/revisions\/5949"}],"up":[{"embeddable":true,"href":"https:\/\/www.feuerwehr-ingersheim.de\/index.php?rest_route=\/wp\/v2\/pages\/1202"}],"wp:featuredmedia":[{"embeddable":true,"href":"https:\/\/www.feuerwehr-ingersheim.de\/index.php?rest_route=\/wp\/v2\/media\/5950"}],"wp:attachment":[{"href":"https:\/\/www.feuerwehr-ingersheim.de\/index.php?rest_route=%2Fwp%2Fv2%2Fmedia&parent=1229"}],"curies":[{"name":"wp","href":"https:\/\/api.w.org\/{rel}","templated":true}]}}