{"id":5955,"date":"2015-01-04T13:52:43","date_gmt":"2015-01-04T12:52:43","guid":{"rendered":"http:\/\/www.feuerwehr-ingersheim.de\/?page_id=5955"},"modified":"2015-01-05T09:49:25","modified_gmt":"2015-01-05T08:49:25","slug":"chronik","status":"publish","type":"page","link":"https:\/\/www.feuerwehr-ingersheim.de\/?page_id=5955","title":{"rendered":"Chronik"},"content":{"rendered":"<p>Im Jubil\u00e4umsjahr 2013 geh\u00f6ren der Freiwilligen Feuerwehr Ingersheim ingesamt 111 Mitglieder an. Die Verteilung auf die einzelnen Abteilungen ist wie folgt:Einsatzabteilung: 50 Mann, davon eine Frau. Jugendfeuerwehr: 13 Mann. Altersabteilung; 48 Mann.<\/p>\n<p>Dank der Gemeindeverwaltung und dem Gemeinderat verf\u00fcgt die Feuerwehr \u00fcber einen entsprechend modernen Fuhrpark mit einer angemessenen und<br \/>\nvor allem zeitgem\u00e4\u00dfen Ausr\u00fcstung.Ein Mannschaftstransportfahrzeug, sowie ein Mehrzweckanh\u00e4nger befinden sich im Jubi\u00e4umsjahr in der Beschaffung.<\/p>\n<p>Die Einsatzabteilung unter Kommandant Andreas Fritz kann auf einen guten Ausbildungstand bauen. In den Reihen befinden sich: 38 Atemschutzger\u00e4tetr\u00e4ger, 25 Maschinisten, 6 Gruppenf\u00fchrer, 5 Zugf\u00fchrer.<\/p>\n<p>Die Tagesverf\u00fcgbarkeit, ein Thema das auch die Feuerwehr Ingersheim in den n\u00e4chsten Jahren immer mehr besch\u00e4ftigen wird, ist in Ingersheim derzeit noch ausreichend,wenngleich gerade die j\u00fcngeren Kameraden ihre Arbeitsstelle immer seltener am Ort oder in den Nachbargemeinden finden.<\/p>\n<p>So vielf\u00e4ltig wie die Berufe der Mitglieder in der Einsatzabteilung ist auch das Aufgabenspektrum, das von der Feuerwehr inzwischen abgedeckt werden muss. Von den etwa 40 Eins\u00e4tzen, welche die Feuerwehr Ingersheim im Mittel zu bearbeiten hat, entf\u00e4llt der gr\u00f6\u00dfte Teil auf<br \/>\ntechnische Hilfeleistungen. Gro\u00dfe Br\u00e4nde r\u00fccken immer mehr in den Hintergrund, wenngleich sie aus der Welt der Feuerwehr nie verschwinden werden.<\/p>\n<p>Um f\u00fcr den Ernstfall gut ger\u00fcstet zu sein, finden im Jahr etwa 60 \u00dcbungen statt. Zus\u00e4tzliche regelm\u00e4\u00dfige \u00dcbungen mit den umliegenden Feuerwehren erleichtern die Zusammenarbeit im Rahmen der \u00dcberlandhilfe.<\/p>\n<p>Feuerwehr ist, heute wie damals, sehr viel mehr als Einsatz- und \u00dcbungsdienst. Ohne eine funktionierende Kameradschaft funktioniert die am besten ausger\u00fcstete und am besten ausgebildete Feuerwehr nicht. Traditionelle Veranstaltungen wie etwa Pokalschie\u00dfen, Grillfest und Familienabend geh\u00f6ren daher fest in den Kalender der Feuerwehr.<\/p>\n<p>Die Jugendfeuerwehr dient der Nachwuchsgewinnung und sichert somit die Zukunft der Feuerwehr. Die Altersabteilung bietet auch nach<br \/>\nEnde der Dienstzeit eine kameradschaftliche Verbindung zur Feuerwehr. Die Sportgruppe, die allen offen steht, erm\u00f6glicht neben sportlicher<br \/>\nAktivit\u00e4t auch den Dialog der unterschiedlichen Generationen. Denkt man an die Landwirtschaft und den Satz \u201eWir ernten, was wir s\u00e4en\u201c, l\u00e4sst sich<br \/>\neines feststellen: Nach 150 Jahren ist das Feld der Feuerwehr Ingersheim gut bestellt.<\/p>\n<p>Auf die n\u00e4chsten 150 Jahre!<\/p>\n","protected":false},"excerpt":{"rendered":"<p>Im Jubil\u00e4umsjahr 2013 geh\u00f6ren der Freiwilligen Feuerwehr Ingersheim ingesamt 111 Mitglieder an. Die Verteilung auf die einzelnen Abteilungen ist wie folgt:Einsatzabteilung: 50 Mann, davon eine Frau. Jugendfeuerwehr: 13 Mann. Altersabteilung; 48 Mann. Dank der Gemeindeverwaltung und dem Gemeinderat verf\u00fcgt die Feuerwehr \u00fcber einen entsprechend modernen Fuhrpark mit einer angemessenen und vor allem zeitgem\u00e4\u00dfen Ausr\u00fcstung.Ein Mannschaftstransportfahrzeug, [&hellip;]<\/p>\n","protected":false},"author":1,"featured_media":5976,"parent":0,"menu_order":3,"comment_status":"closed","ping_status":"closed","template":"","meta":{"footnotes":""},"class_list":["post-5955","page","type-page","status-publish","has-post-thumbnail","hentry"],"_links":{"self":[{"href":"https:\/\/www.feuerwehr-ingersheim.de\/index.php?rest_route=\/wp\/v2\/pages\/5955","targetHints":{"allow":["GET"]}}],"collection":[{"href":"https:\/\/www.feuerwehr-ingersheim.de\/index.php?rest_route=\/wp\/v2\/pages"}],"about":[{"href":"https:\/\/www.feuerwehr-ingersheim.de\/index.php?rest_route=\/wp\/v2\/types\/page"}],"author":[{"embeddable":true,"href":"https:\/\/www.feuerwehr-ingersheim.de\/index.php?rest_route=\/wp\/v2\/users\/1"}],"replies":[{"embeddable":true,"href":"https:\/\/www.feuerwehr-ingersheim.de\/index.php?rest_route=%2Fwp%2Fv2%2Fcomments&post=5955"}],"version-history":[{"count":4,"href":"https:\/\/www.feuerwehr-ingersheim.de\/index.php?rest_route=\/wp\/v2\/pages\/5955\/revisions"}],"predecessor-version":[{"id":5977,"href":"https:\/\/www.feuerwehr-ingersheim.de\/index.php?rest_route=\/wp\/v2\/pages\/5955\/revisions\/5977"}],"wp:featuredmedia":[{"embeddable":true,"href":"https:\/\/www.feuerwehr-ingersheim.de\/index.php?rest_route=\/wp\/v2\/media\/5976"}],"wp:attachment":[{"href":"https:\/\/www.feuerwehr-ingersheim.de\/index.php?rest_route=%2Fwp%2Fv2%2Fmedia&parent=5955"}],"curies":[{"name":"wp","href":"https:\/\/api.w.org\/{rel}","templated":true}]}}