{"id":5963,"date":"2015-01-04T14:19:22","date_gmt":"2015-01-04T13:19:22","guid":{"rendered":"http:\/\/www.feuerwehr-ingersheim.de\/?page_id=5963"},"modified":"2020-04-02T12:48:31","modified_gmt":"2020-04-02T10:48:31","slug":"feuerwehr-ingersheim","status":"publish","type":"page","link":"https:\/\/www.feuerwehr-ingersheim.de\/?page_id=5963","title":{"rendered":"Feuerwehr Ingersheim"},"content":{"rendered":"<p><em>Die Geschichte einer gemeinsamen Feuerwehr.<\/em><\/p>\n<p><strong>Zusammenschluss<\/strong><\/p>\n<p>1972 schlossen sich die beiden Ingersheim im Rahmen der Verwaltungsreform nach fast 150 Jahren Eigenst\u00e4ndigkeit wieder zu einer Einheitsgemeinde zusammen. Teil dieses Zusammenschlusses war auch die Vereinigung der beiden Feuerwehren. Am 29. Januar 1972 trafen sich die Feuerwehrleute von Gro\u00df- und Kleiningersheim zur Gr\u00fcndungsversammlung der gemeinsamen Ingersheimer Wehr. Unter der Leitung von B\u00fcrgermeister Martin Maier wurde als<br \/>\nerster Kommandant Friedrich R\u00fchle und als dessen Stellvertreter Kurt Kofink gew\u00e4hlt. F\u00fcr die aus dem aktiven Dienst ausscheidenden Kameraden wurde eine Alterswehr eingerichtet. Anders als sonst \u00fcblich gr\u00fcndete man in Ingersheim keine Abteilungswehren, sondern setzte sofort auf eine gemeinsame Wehr mit drei Z\u00fcgen, die allerdings noch mehr als ein Vierteljahrhundert in zwei Ger\u00e4teh\u00e4usern untergebracht sein sollte.<\/p>\n<p><strong>Jugendfeuerwehr<\/strong><\/p>\n<p>Die Hauptversammlung am 10.1.1976 beschloss die Einrichtung einer Jugendfeuerwehr, die anfangs von Walter Claus und Bernd Veigel geleitet wurde. Unter Martin B\u00e4ssler und sp\u00e4ter Sven Schaaf und Alexander Mann entwickelte sich die Jugendfeuerwehr zu einem festen Bestandteil der Wehr und Nachwuchsf\u00f6rderung.<\/p>\n<p><strong>Jahrhunderthochwasser<\/strong><\/p>\n<p>Ihre erste gro\u00dfe Herausforderung hatte die gemeinsame Wehr beim \u201eJahrhunderthochwasser\u201c am 24. Mai 1978, als der Neckar zum ersten Mal seit Er\u00f6ffnung des Schifffahrtskanals 1954 \u00fcber die Ufer trat und das gesamte Tal mit einer etwa 80 cm hohen Flutwelle \u00fcberzog. Trotz eines dreit\u00e4gigen<br \/>\nEinsatzes der Feuerwehr, unterst\u00fctzt durch die Feuerwehr Pleidelsheim, waren erhebliche Sch\u00e4den zu beklagen.<\/p>\n<p><strong>TLF 16\/25<\/strong><\/p>\n<p>Im selben Jahr konnte die Wehr ein TLF 16 in Betrieb nehmen und war damit f\u00fcr die sich \u00e4ndernden Herausforderungen ger\u00fcstet, sie konnte jetzt auch bei technischen Notf\u00e4llen,z. B. bei Verkehrsunf\u00e4llen, angemessen Hilfe leisten. Offiziell \u00fcbergeben wurde das L\u00f6schfahrzeug beim Hundertj\u00e4hrigen Jubil\u00e4um (Feuerwehr Gro\u00dfingersheim), das zusammen mit der 1200-Jahr-Feier der Gemeinde Ingersheim 1979 gefeiert wurde.<\/p>\n<p><strong>Kommandantenwechsel<\/strong><\/p>\n<p>1987 ging die Amtszeit des Dienst\u00e4ltesten Kommandanten der Gemeinde nach 26 Jahren zu Ende. Friedrich R\u00fchle wechselte in die Alterswehr, deren Leitung er mit diesem Wechsel \u00fcbernahm. Als Anerkennung f\u00fcr seine herausragenden Leistungen ernannte ihn der Gemeinderat auf Antrag der<br \/>\nFeuerwehr zum Ehrenkommandanten. Neuer Kommandant wurde Wolfgang Veigel.<\/p>\n<p><strong>Hochwasser 1990<\/strong><\/p>\n<p>1990 trat der Neckar erneut \u00fcber die Ufer. Ein reibungslos funktionierendes Hochwassermeldesystem erm\u00f6glichte es der Feuerwehr dieses Mal, sich rechtzeitig auf die \u00dcberflutung der Talaue vorzubereiten und Schutzvorkehrungen f\u00fcr die Sportanlagen, die Gewerbebetriebe in der Talstra\u00dfe, die<br \/>\nKl\u00e4ranlage und die Neckarm\u00fchle zu treffen. Auch die seit dem letzten Hochwasser von den Betrieben vorgenommenen baulichen \u00c4nderungen trugen dazu bei, dass gr\u00f6\u00dfere Sch\u00e4den verhindert werden konnten. Die Feuerwehr war zwei Tage im Einsatz, um eindringendes Wasser aus den gesch\u00fctzten<br \/>\nBereichen abzupumpen.<\/p>\n<p><strong>LF 8\/6<\/strong><\/p>\n<p>Nachdem der \u201eHanomag\u201c (Kleiningersheimer LF 8) wegen eines irreparablen Motorschadens ausfiel, wurde 1993 ein LF 8\/6 (IVECO) angeschafft und in Kleiningersheim stationiert. Obwohl auf 7,5 Tonnen abgelastet, erhielt es eine vollst\u00e4ndige Beladung \u2013 einschlie\u00dflich TS 8. Bei einem Fest im Sch\u00f6nblick in Kleiningersheim wurde es feierlich \u00fcbergeben.<\/p>\n<p><strong>MTW<\/strong><\/p>\n<p>Als Erg\u00e4nzung des Fuhrparks sollte noch ein MTW angeschafft werden. Da eine Neubeschaffung zu dieser Zeit den finanziellen<br \/>\nSpielraum der Gemeinde \u00fcberstiegen h\u00e4tte, wurde in einer gro\u00dfen Gemeinschaftsaktion von aktiver Wehr, Altersabteilung, Sponsoren<br \/>\nund der Gemeinde ein gebrauchter Mercedes Sprinter gekauft und 1995 und 1996 zum MTW ausgebaut. Beim Kelterfest 1996 konnte er im Rahmen einer kleinen Feierstunde in Dienst gestellt werden<\/p>\n<p><strong>Feuerwehrhaus<\/strong><\/p>\n<p>Seit dem Zusammenschluss zur FeuerwehrIngersheim im Jahre 1972 verfolgten Feuerwehr und Gemeinde, wenn auch nicht immer unwidersprochen, den Bau eines gemeinsamen Ger\u00e4tehauses. Dieses sollte an einem Ort stehen, der es Feuerwehrleuten aus beiden Ortsteilen erm\u00f6glichte, in angemessener<br \/>\nZeit auszur\u00fccken. Mit dem Bauplatz an der Karl-Braun-Stra\u00dfe und nahe der Kreisstra\u00dfe nach Kleiningersheim wurde ein solcher Ort gefunden. Nun galt es, den relativ kleinen Platz zweckm\u00e4\u00dfig zu \u00fcberbauen. Mit dem Neubau, der 1998 bezogen wurde, wuchs die Feuerwehr endg\u00fcltig zu einer Einheit zusammen, so dass heute die Zugeh\u00f6rigkeit zu einem Ortsteil keine Rolle mehr spielt.<\/p>\n<p><strong>Internet<\/strong><\/p>\n<p>Den Weg ins Internetzeitalter fand die Feuerwehr im Jahr 2000. Ein damaliger Jugendfeuerwehrmann \u2013 Benedict Scheller \u2013 hatte die Idee, eine Homepage f\u00fcr die Feuerwehr zu erstellen. Er pr\u00e4sentierte einen ersten Entwurf auf drei Disketten, der bei der<br \/>\nFeuerwehrf\u00fchrung sofort Zustimmung fand, und so konnte die Homepage Anfang 2001 ins Netz gestellt werden. Mehrfach \u00fcberarbeitet, ist sie bis heute das Aush\u00e4ngeschild der Feuerwehr in Ingersheim.<br \/>\n<strong><br \/>\nJ\u00fcngere Vergangenheit<\/strong><br \/>\nAls 2001 Kommandant Wolfgang Veigel sein Amt krankheitsbedingt aufgab, wurde, ein Jahr fr\u00fcher als geplant, Martin B\u00e4ssler sein<br \/>\nNachfolger. Er \u00fcbte dieses Amt 10 Jahre lang aus, bevor er die Leitung der Feuerwehr 2011 an Andreas Fritz \u00fcbergab.<\/p>\n<p>2002 wurde unter dem Slogan \u201eFit for Firefighting\u201c ein Sportbeauftragter gew\u00e4hlt, der seither f\u00fcr ein abwechslungsreiches Sportangebot sorgt.<\/p>\n<p>2005 erwarb die Feuerwehr nach langerVorbereitungszeit eine Feuerwehrfahne, die ausgehend von einer Initiative des Ehrenkommandanten<br \/>\nFriedrich R\u00fchle, zu einem gro\u00dfen Teil aus Spenden von Aktiven und Alterswehrkameraden finanziert wurde.<\/p>\n<p>2008 konnte die Feuerwehr dann ein HLF 20\/16 in Dienst stellen. Mit diesem Fahrzeug erreichte die Ausr\u00fcstung der Feuerwehr einen Stand, der es erm\u00f6glicht, praktisch alle Aufgaben der Brandbek\u00e4mpfung und technischen Hilfeleistung zu bew\u00e4ltigen. So stellt heute die Freiwillige Feuerwehr Ingersheim eine schlagkr\u00e4ftige, gut ausgebildete und ausgestattete Einrichtung der Gemeinde dar, die die Gew\u00e4hr bietet, dass den B\u00fcrgerinnen und B\u00fcrgern der Gemeinde in Notlagen sachkundig und schnell Hilfe geleistet wird.<\/p>\n<p>Probleme anderer Feuerwehren, die immer seltener geeignete Ehrenamtliche finden, hat die Feuerwehr Ingersheim angesichts einer sehr engagierten Jugendarbeit zur Zeit noch nicht. Sie wird sich in Zukunft aber ebenfalls damit auseinander setzen und nach L\u00f6sungswegen suchen m\u00fcssen, sei es in einer noch ehrgeizigeren Jugendarbeit, durch eine&nbsp;noch attraktivere Dienstgestaltung bei den Aktiven oder durch eine st\u00e4rkere Einbeziehung der Altersabteilung in Aufgaben der<br \/>\nFeuerwehr.<\/p>\n","protected":false},"excerpt":{"rendered":"<p>Die Geschichte einer gemeinsamen Feuerwehr. Zusammenschluss 1972 schlossen sich die beiden Ingersheim im Rahmen der Verwaltungsreform nach fast 150 Jahren Eigenst\u00e4ndigkeit wieder zu einer Einheitsgemeinde zusammen. Teil dieses Zusammenschlusses war auch die Vereinigung der beiden Feuerwehren. Am 29. Januar 1972 trafen sich die Feuerwehrleute von Gro\u00df- und Kleiningersheim zur Gr\u00fcndungsversammlung der gemeinsamen Ingersheimer Wehr. Unter [&hellip;]<\/p>\n","protected":false},"author":1,"featured_media":5974,"parent":5955,"menu_order":3,"comment_status":"closed","ping_status":"closed","template":"","meta":{"footnotes":""},"class_list":["post-5963","page","type-page","status-publish","has-post-thumbnail","hentry"],"_links":{"self":[{"href":"https:\/\/www.feuerwehr-ingersheim.de\/index.php?rest_route=\/wp\/v2\/pages\/5963","targetHints":{"allow":["GET"]}}],"collection":[{"href":"https:\/\/www.feuerwehr-ingersheim.de\/index.php?rest_route=\/wp\/v2\/pages"}],"about":[{"href":"https:\/\/www.feuerwehr-ingersheim.de\/index.php?rest_route=\/wp\/v2\/types\/page"}],"author":[{"embeddable":true,"href":"https:\/\/www.feuerwehr-ingersheim.de\/index.php?rest_route=\/wp\/v2\/users\/1"}],"replies":[{"embeddable":true,"href":"https:\/\/www.feuerwehr-ingersheim.de\/index.php?rest_route=%2Fwp%2Fv2%2Fcomments&post=5963"}],"version-history":[{"count":2,"href":"https:\/\/www.feuerwehr-ingersheim.de\/index.php?rest_route=\/wp\/v2\/pages\/5963\/revisions"}],"predecessor-version":[{"id":7172,"href":"https:\/\/www.feuerwehr-ingersheim.de\/index.php?rest_route=\/wp\/v2\/pages\/5963\/revisions\/7172"}],"up":[{"embeddable":true,"href":"https:\/\/www.feuerwehr-ingersheim.de\/index.php?rest_route=\/wp\/v2\/pages\/5955"}],"wp:featuredmedia":[{"embeddable":true,"href":"https:\/\/www.feuerwehr-ingersheim.de\/index.php?rest_route=\/wp\/v2\/media\/5974"}],"wp:attachment":[{"href":"https:\/\/www.feuerwehr-ingersheim.de\/index.php?rest_route=%2Fwp%2Fv2%2Fmedia&parent=5963"}],"curies":[{"name":"wp","href":"https:\/\/api.w.org\/{rel}","templated":true}]}}