{"id":5978,"date":"2015-01-05T09:52:08","date_gmt":"2015-01-05T08:52:08","guid":{"rendered":"http:\/\/www.feuerwehr-ingersheim.de\/?page_id=5978"},"modified":"2015-01-05T09:52:08","modified_gmt":"2015-01-05T08:52:08","slug":"altersabteilung","status":"publish","type":"page","link":"https:\/\/www.feuerwehr-ingersheim.de\/?page_id=5978","title":{"rendered":"Altersabteilung"},"content":{"rendered":"<p>Im Jahr 1972, dem Gr\u00fcndungsjahr der Feuerwehr Ingersheim, wurde auch eine Alterswehr (Altersabteilung) gegr\u00fcndet. Diese beheimatet alle Feuerwehrkameraden, die altershalber oder aus gesundheitlichen Gr\u00fcnden aus der aktiven Wehr ausgeschieden sind.<\/p>\n<p>Die Altersabteilung nimmt an Veranstaltungen der Feuerwehr (Hauptversammlung, Haupt\u00fcbung, Lehrfahrt, Festbesuche, Grillfest, Familienabend) teil und unterst\u00fctzt die aktive Wehr beim allj\u00e4hrlichen Feuerwehrfest. Auch Angebote der Kreisalterswehr werden gerne angenommen.<\/p>\n<p>Seit 2014 k\u00fcmmern sich einige Alterswehrkameraden um das au\u00dfer Dienst gestellte LF 8, ein vorsichtiger Einstieg in das Programm 65plus des Landesfeuerwehrverbandes.<\/p>\n","protected":false},"excerpt":{"rendered":"<p>Im Jahr 1972, dem Gr\u00fcndungsjahr der Feuerwehr Ingersheim, wurde auch eine Alterswehr (Altersabteilung) gegr\u00fcndet. Diese beheimatet alle Feuerwehrkameraden, die altershalber oder aus gesundheitlichen Gr\u00fcnden aus der aktiven Wehr ausgeschieden sind. Die Altersabteilung nimmt an Veranstaltungen der Feuerwehr (Hauptversammlung, Haupt\u00fcbung, Lehrfahrt, Festbesuche, Grillfest, Familienabend) teil und unterst\u00fctzt die aktive Wehr beim allj\u00e4hrlichen Feuerwehrfest. Auch Angebote der [&hellip;]<\/p>\n","protected":false},"author":1,"featured_media":5981,"parent":1011,"menu_order":4,"comment_status":"closed","ping_status":"closed","template":"","meta":{"footnotes":""},"class_list":["post-5978","page","type-page","status-publish","has-post-thumbnail","hentry"],"_links":{"self":[{"href":"https:\/\/www.feuerwehr-ingersheim.de\/index.php?rest_route=\/wp\/v2\/pages\/5978","targetHints":{"allow":["GET"]}}],"collection":[{"href":"https:\/\/www.feuerwehr-ingersheim.de\/index.php?rest_route=\/wp\/v2\/pages"}],"about":[{"href":"https:\/\/www.feuerwehr-ingersheim.de\/index.php?rest_route=\/wp\/v2\/types\/page"}],"author":[{"embeddable":true,"href":"https:\/\/www.feuerwehr-ingersheim.de\/index.php?rest_route=\/wp\/v2\/users\/1"}],"replies":[{"embeddable":true,"href":"https:\/\/www.feuerwehr-ingersheim.de\/index.php?rest_route=%2Fwp%2Fv2%2Fcomments&post=5978"}],"version-history":[{"count":1,"href":"https:\/\/www.feuerwehr-ingersheim.de\/index.php?rest_route=\/wp\/v2\/pages\/5978\/revisions"}],"predecessor-version":[{"id":5979,"href":"https:\/\/www.feuerwehr-ingersheim.de\/index.php?rest_route=\/wp\/v2\/pages\/5978\/revisions\/5979"}],"up":[{"embeddable":true,"href":"https:\/\/www.feuerwehr-ingersheim.de\/index.php?rest_route=\/wp\/v2\/pages\/1011"}],"wp:featuredmedia":[{"embeddable":true,"href":"https:\/\/www.feuerwehr-ingersheim.de\/index.php?rest_route=\/wp\/v2\/media\/5981"}],"wp:attachment":[{"href":"https:\/\/www.feuerwehr-ingersheim.de\/index.php?rest_route=%2Fwp%2Fv2%2Fmedia&parent=5978"}],"curies":[{"name":"wp","href":"https:\/\/api.w.org\/{rel}","templated":true}]}}