{"id":7166,"date":"2020-04-02T12:33:13","date_gmt":"2020-04-02T10:33:13","guid":{"rendered":"https:\/\/www.feuerwehr-ingersheim.de\/?page_id=7166"},"modified":"2026-03-28T16:48:38","modified_gmt":"2026-03-28T15:48:38","slug":"feuerwehrfest-abgesagt","status":"publish","type":"page","link":"https:\/\/www.feuerwehr-ingersheim.de\/","title":{"rendered":"Herzlich Willkommen"},"content":{"rendered":"\n<p>Liebe Besucher,&nbsp;<\/p>\n\n\n\n<p>wir freu\u00aden uns, Sie auf der of\u00adfi\u00adzi\u00adel\u00adlen In\u00adter\u00adnet\u00adsei\u00adte der Frei\u00adwil\u00adli\u00adgen Feu\u00ader\u00adwehr Ingersheim be\u00adgr\u00fc\u00ad\u00dfen zu d\u00fcr\u00adfen.<br><br>Mit un\u00adse\u00adrem Internetan\u00adge\u00adbot m\u00f6ch\u00adten wir Ih\u00adnen un\u00adse\u00adre T\u00e4\u00adtig\u00adkeit et\u00adwas n\u00e4\u00adher brin\u00adgen und Sie \u00fcber die Geschichte und Aus\u00adr\u00fcs\u00adtung der Feu\u00ader\u00adwehr Ingersheim in\u00adfor\u00admie\u00adren.<br><br>Wir w\u00fcnschen Ihnen viel Spa\u00df beim st\u00f6bern auf unseren Seiten.<br><br>Ihre Feuerwehr Ingersheim<\/p>\n\n\n\n<p class=\"has-large-font-size\">Feuerwehrfest 2026<\/p>\n\n\n\n<figure class=\"wp-block-image size-large\"><img loading=\"lazy\" decoding=\"async\" width=\"724\" height=\"1024\" src=\"https:\/\/www.feuerwehr-ingersheim.de\/wp-content\/uploads\/2026\/03\/Plakat-2026-724x1024.jpg\" alt=\"\" class=\"wp-image-7220\" srcset=\"https:\/\/www.feuerwehr-ingersheim.de\/wp-content\/uploads\/2026\/03\/Plakat-2026-724x1024.jpg 724w, https:\/\/www.feuerwehr-ingersheim.de\/wp-content\/uploads\/2026\/03\/Plakat-2026-212x300.jpg 212w, https:\/\/www.feuerwehr-ingersheim.de\/wp-content\/uploads\/2026\/03\/Plakat-2026-768x1086.jpg 768w, https:\/\/www.feuerwehr-ingersheim.de\/wp-content\/uploads\/2026\/03\/Plakat-2026-1086x1536.jpg 1086w, https:\/\/www.feuerwehr-ingersheim.de\/wp-content\/uploads\/2026\/03\/Plakat-2026-1448x2048.jpg 1448w, https:\/\/www.feuerwehr-ingersheim.de\/wp-content\/uploads\/2026\/03\/Plakat-2026-71x100.jpg 71w, https:\/\/www.feuerwehr-ingersheim.de\/wp-content\/uploads\/2026\/03\/Plakat-2026-300x424.jpg 300w, https:\/\/www.feuerwehr-ingersheim.de\/wp-content\/uploads\/2026\/03\/Plakat-2026-720x1018.jpg 720w, https:\/\/www.feuerwehr-ingersheim.de\/wp-content\/uploads\/2026\/03\/Plakat-2026.jpg 1754w\" sizes=\"auto, (max-width: 724px) 100vw, 724px\" \/><\/figure>\n","protected":false},"excerpt":{"rendered":"<p>Liebe Besucher,&nbsp; wir freu\u00aden uns, Sie auf der of\u00adfi\u00adzi\u00adel\u00adlen In\u00adter\u00adnet\u00adsei\u00adte der Frei\u00adwil\u00adli\u00adgen Feu\u00ader\u00adwehr Ingersheim be\u00adgr\u00fc\u00ad\u00dfen zu d\u00fcr\u00adfen. Mit un\u00adse\u00adrem Internetan\u00adge\u00adbot m\u00f6ch\u00adten wir Ih\u00adnen un\u00adse\u00adre T\u00e4\u00adtig\u00adkeit et\u00adwas n\u00e4\u00adher brin\u00adgen und Sie \u00fcber die Geschichte und Aus\u00adr\u00fcs\u00adtung der Feu\u00ader\u00adwehr Ingersheim in\u00adfor\u00admie\u00adren. Wir w\u00fcnschen Ihnen viel Spa\u00df beim st\u00f6bern auf unseren Seiten. Ihre Feuerwehr Ingersheim Feuerwehrfest 2026<\/p>\n","protected":false},"author":1,"featured_media":2014,"parent":0,"menu_order":0,"comment_status":"closed","ping_status":"closed","template":"","meta":{"footnotes":""},"class_list":["post-7166","page","type-page","status-publish","has-post-thumbnail","hentry"],"_links":{"self":[{"href":"https:\/\/www.feuerwehr-ingersheim.de\/index.php?rest_route=\/wp\/v2\/pages\/7166","targetHints":{"allow":["GET"]}}],"collection":[{"href":"https:\/\/www.feuerwehr-ingersheim.de\/index.php?rest_route=\/wp\/v2\/pages"}],"about":[{"href":"https:\/\/www.feuerwehr-ingersheim.de\/index.php?rest_route=\/wp\/v2\/types\/page"}],"author":[{"embeddable":true,"href":"https:\/\/www.feuerwehr-ingersheim.de\/index.php?rest_route=\/wp\/v2\/users\/1"}],"replies":[{"embeddable":true,"href":"https:\/\/www.feuerwehr-ingersheim.de\/index.php?rest_route=%2Fwp%2Fv2%2Fcomments&post=7166"}],"version-history":[{"count":9,"href":"https:\/\/www.feuerwehr-ingersheim.de\/index.php?rest_route=\/wp\/v2\/pages\/7166\/revisions"}],"predecessor-version":[{"id":7223,"href":"https:\/\/www.feuerwehr-ingersheim.de\/index.php?rest_route=\/wp\/v2\/pages\/7166\/revisions\/7223"}],"wp:featuredmedia":[{"embeddable":true,"href":"https:\/\/www.feuerwehr-ingersheim.de\/index.php?rest_route=\/wp\/v2\/media\/2014"}],"wp:attachment":[{"href":"https:\/\/www.feuerwehr-ingersheim.de\/index.php?rest_route=%2Fwp%2Fv2%2Fmedia&parent=7166"}],"curies":[{"name":"wp","href":"https:\/\/api.w.org\/{rel}","templated":true}]}}